{"id":182,"date":"2023-03-21T12:48:13","date_gmt":"2023-03-21T12:48:13","guid":{"rendered":"https:\/\/www.dssse.dk\/?page_id=182"},"modified":"2025-12-19T09:32:48","modified_gmt":"2025-12-19T09:32:48","slug":"volumes-issues","status":"publish","type":"page","link":"https:\/\/www.dssse.dk\/index.php\/volumes-issues\/","title":{"rendered":"Volumes &#038; Issues"},"content":{"rendered":"\n<h2>Volume 95 &#8211; issue 1 (May 2025)<\/h2>\n\n\n\n<p><strong>Issue editors:<\/strong><br>Jakob Fisker, Lars German Hagsten &amp; Thomas Kabel<br>1 article in this issue<\/p>\n\n\n\n<p><strong>Articles:<\/strong><\/p>\n\n\n\n<p><a href=\"http:\/\/www.dssse.dk\/wp-content\/uploads\/2025\/12\/DSSSE-foundation-no-7a_2.pdf\" data-type=\"URL\" target=\"_blank\" rel=\"noreferrer noopener\"><strong>Model for b\u00e6reevne, sp\u00e6ndingsfordeling og forankringskrav i tv\u00e6rarmerede stribefundamenter (Danish) <\/strong><\/a><br>L. G. Hagsten<br>Pages: 1-9<br>Type: Research paper<\/p>\n\n\n\n<p><a href=\"http:\/\/www.dssse.dk\/wp-content\/uploads\/2025\/12\/dssse_robusthed_denmark.pdf\" data-type=\"URL\" data-id=\"http:\/\/www.dssse.dk\/wp-content\/uploads\/2025\/12\/dssse_robusthed_denmark.pdf\"><strong>Robusthed af konstruktioner i Danmark &#8211; En pr\u00e6skriptiv metode (Danish)<\/strong><\/a><br>O. Z. Jensen, J. E. Petersen and L. Z. P. Hansen<br>Pages: 10-41<br>Type: Research paper<\/p>\n\n\n\n<h2>Volume 94 &#8211; issue 2 (November 2024)<\/h2>\n\n\n\n<p><strong>Issue editors:<\/strong><br>Lars German Hagsten, Jakob Fisker &amp; Thomas Kabel<br>1 article in this issue<\/p>\n\n\n\n<p><strong>Articles:<\/strong><\/p>\n\n\n\n<p><a href=\"http:\/\/www.dssse.dk\/wp-content\/uploads\/2025\/03\/DSSSE-inelastic-2024-2.pdf\" data-type=\"URL\" target=\"_blank\" rel=\"noreferrer noopener\"><strong>Strain Capacity of Reinforced Concrete Disks<\/strong><\/a><br>L. G. Hagsten and J. Fisker<br>Pages: 1-22<br>Type: Research paper<br><\/p>\n\n\n\n<h2>Volume 94 &#8211; issue 1 (May 2024)<\/h2>\n\n\n\n<p><strong>Issue editors:<\/strong><br>Lars German Hagsten, Jakob Fisker &amp; Thomas Kabel<br>2 articles in this issue<\/p>\n\n\n\n<p><strong>Articles:<\/strong><\/p>\n\n\n\n<p><a href=\"http:\/\/www.dssse.dk\/wp-content\/uploads\/2024\/09\/DSSSE-foundation-no-4.pdf\" data-type=\"URL\" data-id=\"http:\/\/www.dssse.dk\/wp-content\/uploads\/2024\/09\/DSSSE-foundation-no-4.pdf\"><strong>Section force distribution in a square foundation affected by a centrally located point load<\/strong><\/a><br>L. G. Hagsten<br>Pages: 1-24<br>Type: Research paper<br><\/p>\n\n\n\n<p><strong><a href=\"http:\/\/www.dssse.dk\/wp-content\/uploads\/2024\/09\/DSSSE-foundation-no-5.pdf\" data-type=\"URL\" data-id=\"http:\/\/www.dssse.dk\/wp-content\/uploads\/2024\/09\/DSSSE-foundation-no-5.pdf\">Experimental study of circular point foundations with minimal reinforcement subjected by distributed load<\/a><\/strong><br>M. van Logtestijn, A. K. Lassen, L. G. Hagsten<br>Pages: 25-43<br>Type: Research paper <br><\/p>\n\n\n\n<h2>Volume 93 &#8211; issue 2 (November 2023)<\/h2>\n\n\n\n<p><strong>Issue editors:<\/strong><br>Lars German Hagsten &amp; Thomas Kabel<br>1 article, 1 master&#8217;s thesis in this issue<\/p>\n\n\n\n<p><strong>Articles:<\/strong><\/p>\n\n\n\n<p><strong><a href=\"http:\/\/www.dssse.dk\/wp-content\/uploads\/2024\/03\/DSSSE-foundation-no-3.pdf\" data-type=\"URL\" data-id=\"http:\/\/www.dssse.dk\/wp-content\/uploads\/2024\/03\/DSSSE-foundation-no-3.pdf\">Required anchorage length of reinforcement in circular foundation subjec-ted by a centrally located normal force and supported by a uniformly distributed reaction<\/a><\/strong><br>L. G. Hagsten<br>Pages: 1-12<br>Type: Research paper<br><\/p>\n\n\n\n<p><strong><a href=\"http:\/\/www.dssse.dk\/wp-content\/uploads\/2024\/03\/DSSSE-windoverwaves.pdf\" data-type=\"URL\" data-id=\"http:\/\/www.dssse.dk\/wp-content\/uploads\/2024\/03\/DSSSE-windoverwaves.pdf\">Numerical study of ocean wave behaviour and statistics of the wave induced loads under influence of the direct effect of wind<\/a><\/strong><br>V. Madsen &amp; Mathias Renberg<br>Pages: 13-70<br>Type: Master&#8217;s Thesis<br> <\/p>\n\n\n\n<h2>Volume 93 &#8211; issue 1 (May 2023)<\/h2>\n\n\n\n<p><strong>Issue editors:<\/strong><br>Lars German Hagsten &amp; Thomas Kabel<br>1 articles in this issue<\/p>\n\n\n\n<p><strong>Articles:<\/strong><\/p>\n\n\n\n<p><strong><a href=\"http:\/\/www.dssse.dk\/wp-content\/uploads\/2024\/01\/DSSSE-foundation-no-2a.pdf\" data-type=\"URL\">Point Foundation. Lower Bound Solution for Distributed Load<\/a><\/strong><br>L. G. Hagsten<br>Pages: 1-6<br>Type: Research paper<br><\/p>\n\n\n\n<h2>Volume 92 &#8211; issue 2 (November 2022)<\/h2>\n\n\n\n<p><strong>Issue editors:<\/strong><br>Lars German Hagsten, Jakob Fisker &amp; Thomas Kabel<br>2 articles in this issue<\/p>\n\n\n\n<p><strong>Articles:<\/strong><\/p>\n\n\n\n<p><strong><a href=\"http:\/\/www.dssse.dk\/wp-content\/uploads\/2023\/09\/DSSSE-2022-2-1-rev1.pdf\" data-type=\"URL\">Point foundation. Upper and lower bound solution for point load and upper bound solution for distributed load<\/a><\/strong><br>L. G. Hagsten, M. R. van Logtestijn, H.H. Laustsen<br>Pages: 1-14<br>Type: Research paper<br><\/p>\n\n\n\n<p><strong><a href=\"http:\/\/www.dssse.dk\/wp-content\/uploads\/2023\/03\/DSSSE-2022-2-2.pdf\" data-type=\"URL\" data-id=\"http:\/\/www.dssse.dk\/wp-content\/uploads\/2023\/03\/DSSSE-2022-2-2.pdf\">On the influence of transverse reinforcement type and layout on the shear capacity of thin-weed concrete beams<\/a><\/strong><br>J. Fisker, C. Svarre, T. R. Frandsen, L. G. Hagsten<br>Pages: 15-29<br>Type: Research paper <br><\/p>\n\n\n\n<h2>Volume 92 &#8211; issue 1 (May 2022)<\/h2>\n\n\n\n<p><strong>Issue editors:<\/strong><br>Lars German Hagsten, Jakob Fisker &amp; Thomas Kabel<br>2 articles in this issue<\/p>\n\n\n\n<p><strong>Articles:<\/strong><\/p>\n\n\n\n<p><strong><a href=\"http:\/\/www.dssse.dk\/wp-content\/uploads\/2023\/03\/DSSSE-2022-1-1.pdf\" data-type=\"URL\" data-id=\"http:\/\/www.dssse.dk\/wp-content\/uploads\/2023\/03\/DSSSE-2022-1-1.pdf\">Investigation of the buckling capacity of walls subjected to axial strip loads acting on a limited stretch along the top of the walls end<\/a><\/strong><br>L. G. Hagsten, L. Hestbech, M. K. Frandsen, C. Grandjean-Thomsen<br>Pages: 1-16<br>Type: Research paper<br><\/p>\n\n\n\n<p><a href=\"http:\/\/www.dssse.dk\/wp-content\/uploads\/2023\/03\/DSSSE-2022-1-2.pdf\" data-type=\"URL\" data-id=\"http:\/\/www.dssse.dk\/wp-content\/uploads\/2023\/03\/DSSSE-2022-1-2.pdf\"><strong>Frequency based damage assessment of bolted specimen<\/strong><br><\/a>H.N. Ajina, R. Brincker, S. D. R. Amador<br>Pages 17-36<br>Type: Research paper<\/p>\n","protected":false},"excerpt":{"rendered":"<p>Volume 95 &#8211; issue 1 (May 2025) Issue editors:Jakob Fisker, Lars German Hagsten &amp; Thomas Kabel1 article in this issue Articles: Model for b\u00e6reevne, sp\u00e6ndingsfordeling og forankringskrav i tv\u00e6rarmerede stribefundamenter (Danish) L. G. HagstenPages: 1-9Type: Research paper Robusthed af konstruktioner i Danmark &#8211; En pr\u00e6skriptiv metode (Danish)O. Z. Jensen, J. E. Petersen and L. Z.&hellip;<\/p>\n","protected":false},"author":2,"featured_media":0,"parent":0,"menu_order":0,"comment_status":"closed","ping_status":"closed","template":"page-templates\/full-width.php","meta":[],"_links":{"self":[{"href":"https:\/\/www.dssse.dk\/index.php\/wp-json\/wp\/v2\/pages\/182"}],"collection":[{"href":"https:\/\/www.dssse.dk\/index.php\/wp-json\/wp\/v2\/pages"}],"about":[{"href":"https:\/\/www.dssse.dk\/index.php\/wp-json\/wp\/v2\/types\/page"}],"author":[{"embeddable":true,"href":"https:\/\/www.dssse.dk\/index.php\/wp-json\/wp\/v2\/users\/2"}],"replies":[{"embeddable":true,"href":"https:\/\/www.dssse.dk\/index.php\/wp-json\/wp\/v2\/comments?post=182"}],"version-history":[{"count":21,"href":"https:\/\/www.dssse.dk\/index.php\/wp-json\/wp\/v2\/pages\/182\/revisions"}],"predecessor-version":[{"id":326,"href":"https:\/\/www.dssse.dk\/index.php\/wp-json\/wp\/v2\/pages\/182\/revisions\/326"}],"wp:attachment":[{"href":"https:\/\/www.dssse.dk\/index.php\/wp-json\/wp\/v2\/media?parent=182"}],"curies":[{"name":"wp","href":"https:\/\/api.w.org\/{rel}","templated":true}]}}